{"id":660,"date":"2020-12-21T16:03:48","date_gmt":"2020-12-21T16:03:48","guid":{"rendered":"https:\/\/tempoteks.com\/?page_id=660"},"modified":"2020-12-21T16:13:16","modified_gmt":"2020-12-21T16:13:16","slug":"fuarlar","status":"publish","type":"page","link":"https:\/\/tempoteks.com\/tr\/fuarlar\/","title":{"rendered":"Fuarlar"},"content":{"rendered":"<div class=\"pf-content\">[vc_row thb_full_width=&#8221;true&#8221; thb_row_padding=&#8221;true&#8221; thb_column_padding=&#8221;true&#8221; css=&#8221;.vc_custom_1598443513858{background-color: #fc1026 !important;}&#8221;][vc_column][vc_row_inner el_class=&#8221;align-center&#8221; css=&#8221;.vc_custom_1557841726924{padding-top: 40px !important;}&#8221;][vc_column_inner thb_color=&#8221;thb-light-column&#8221; el_class=&#8221;text-center&#8221; css=&#8221;.vc_custom_1517832408077{padding-top: 20vh !important;padding-bottom: 20vh !important;}&#8221; offset=&#8221;vc_col-lg-6 vc_col-md-9&#8243;][vc_column_text animation=&#8221;animation bottom-to-top&#8221;]\n<h2>\u00c7orap &amp; Tekstil Fuarlar\u0131<\/h2>\n[\/vc_column_text][vc_column_text animation=&#8221;animation bottom-to-top&#8221;]\n<h4>Kat\u0131ld\u0131\u011f\u0131m\u0131z Fuarlar.<\/h4>\n[\/vc_column_text][\/vc_column_inner][\/vc_row_inner][\/vc_column][\/vc_row][vc_row thb_full_width=&#8221;true&#8221; thb_row_padding=&#8221;true&#8221; thb_column_padding=&#8221;true&#8221; content_placement=&#8221;middle&#8221; css=&#8221;.vc_custom_1598443521437{background-color: #f4f4f4 !important;}&#8221;][vc_column width=&#8221;1\/2&#8243; css=&#8221;.vc_custom_1557841467561{padding-top: 15% !important;padding-right: 15% !important;padding-bottom: 15% !important;padding-left: 15% !important;}&#8221;][vc_column_text animation=&#8221;animation left-to-right&#8221;]\n<h2>Cotarie Fair &#8211; JACOB JAVITS CENTER, NYC 2018<\/h2>\n[\/vc_column_text][\/vc_column][vc_column width=&#8221;1\/2&#8243;]\t<div id=\"thb-image-69d841a4ac293\" class=\"caption-style1 animation right-to-left aligncenter full  thb_image_link wp-caption \">\n\t\t\t<div class=\"thb-image-inner size_100\">\n\t\t\t<img width=\"1600\" height=\"1200\" src=\"data:image\/gif;base64,R0lGODlhAQABAAAAACH5BAEKAAEALAAAAAABAAEAAAICTAEAOw==\" class=\"thb_image    attachment-full thb-lazyload lazyload\" alt=\"\" loading=\"lazy\" sizes=\"(max-width: 1600px) 100vw, 1600px\" data-src=\"https:\/\/tempoteks.com\/wp-content\/uploads\/2020\/08\/fairs-01.jpeg\" data-sizes=\"auto\" data-srcset=\"https:\/\/tempoteks.com\/wp-content\/uploads\/2020\/08\/fairs-01.jpeg 1600w, https:\/\/tempoteks.com\/wp-content\/uploads\/2020\/08\/fairs-01-300x225.jpeg 300w, https:\/\/tempoteks.com\/wp-content\/uploads\/2020\/08\/fairs-01-1024x768.jpeg 1024w, https:\/\/tempoteks.com\/wp-content\/uploads\/2020\/08\/fairs-01-768x576.jpeg 768w, https:\/\/tempoteks.com\/wp-content\/uploads\/2020\/08\/fairs-01-1536x1152.jpeg 1536w, https:\/\/tempoteks.com\/wp-content\/uploads\/2020\/08\/fairs-01-380x285.jpeg 380w, https:\/\/tempoteks.com\/wp-content\/uploads\/2020\/08\/fairs-01-20x15.jpeg 20w, https:\/\/tempoteks.com\/wp-content\/uploads\/2020\/08\/fairs-01-190x143.jpeg 190w, https:\/\/tempoteks.com\/wp-content\/uploads\/2020\/08\/fairs-01-760x570.jpeg 760w, https:\/\/tempoteks.com\/wp-content\/uploads\/2020\/08\/fairs-01-1140x855.jpeg 1140w\" \/>\t\t\t\t\t<\/div>\n\t\t\t\t\t<\/div>\n\t[\/vc_column][\/vc_row][vc_row thb_full_width=&#8221;true&#8221; thb_row_padding=&#8221;true&#8221; thb_column_padding=&#8221;true&#8221; content_placement=&#8221;middle&#8221; css=&#8221;.vc_custom_1598443704571{background-color: #f4f4f4 !important;}&#8221;][vc_column thb_color=&#8221;thb-light-column&#8221; width=&#8221;1\/2&#8243;]\t<div id=\"thb-image-69d841a4ac975\" class=\"caption-style1 animation left-to-right aligncenter full  thb_image_link wp-caption \">\n\t\t\t<div class=\"thb-image-inner size_100\">\n\t\t\t<img width=\"1220\" height=\"960\" src=\"data:image\/gif;base64,R0lGODlhAQABAAAAACH5BAEKAAEALAAAAAABAAEAAAICTAEAOw==\" class=\"thb_image    attachment-full thb-lazyload lazyload\" alt=\"\" loading=\"lazy\" sizes=\"(max-width: 1220px) 100vw, 1220px\" data-src=\"https:\/\/tempoteks.com\/wp-content\/uploads\/2020\/08\/fairs-03.jpg\" data-sizes=\"auto\" data-srcset=\"https:\/\/tempoteks.com\/wp-content\/uploads\/2020\/08\/fairs-03.jpg 1220w, https:\/\/tempoteks.com\/wp-content\/uploads\/2020\/08\/fairs-03-300x236.jpg 300w, https:\/\/tempoteks.com\/wp-content\/uploads\/2020\/08\/fairs-03-1024x806.jpg 1024w, https:\/\/tempoteks.com\/wp-content\/uploads\/2020\/08\/fairs-03-768x604.jpg 768w, https:\/\/tempoteks.com\/wp-content\/uploads\/2020\/08\/fairs-03-380x299.jpg 380w, https:\/\/tempoteks.com\/wp-content\/uploads\/2020\/08\/fairs-03-20x16.jpg 20w, https:\/\/tempoteks.com\/wp-content\/uploads\/2020\/08\/fairs-03-190x150.jpg 190w, https:\/\/tempoteks.com\/wp-content\/uploads\/2020\/08\/fairs-03-760x598.jpg 760w, https:\/\/tempoteks.com\/wp-content\/uploads\/2020\/08\/fairs-03-1140x897.jpg 1140w\" \/>\t\t\t\t\t<\/div>\n\t\t\t\t\t<\/div>\n\t[\/vc_column][vc_column width=&#8221;1\/2&#8243; css=&#8221;.vc_custom_1557841511662{padding-top: 15% !important;padding-right: 15% !important;padding-bottom: 15% !important;padding-left: 15% !important;}&#8221;][vc_column_text animation=&#8221;animation right-to-left&#8221;]\n<div class=\"wpb_text_column wpb_content_element animation left-to-right \">\n<div class=\"wpb_wrapper\">\n<h2>CHINA INTERNATIONAL HOSIERY PURHCHASING EXPO 2017<\/h2>\n<\/div>\n<\/div>\n[\/vc_column_text][\/vc_column][\/vc_row][vc_row thb_full_width=&#8221;true&#8221; thb_row_padding=&#8221;true&#8221; thb_column_padding=&#8221;true&#8221; content_placement=&#8221;middle&#8221; css=&#8221;.vc_custom_1598443521437{background-color: #f4f4f4 !important;}&#8221;][vc_column width=&#8221;1\/2&#8243; css=&#8221;.vc_custom_1557841467561{padding-top: 15% !important;padding-right: 15% !important;padding-bottom: 15% !important;padding-left: 15% !important;}&#8221;][vc_column_text animation=&#8221;animation left-to-right&#8221;]\n<h2>5th Feb, 2020 to 7th Feb, 2020 at Mandalay Bay Convention Center, Las Vegas, USA<\/h2>\n[\/vc_column_text][\/vc_column][vc_column width=&#8221;1\/2&#8243;]\t<div id=\"thb-image-69d841a4acdf6\" class=\"caption-style1 animation right-to-left aligncenter full  thb_image_link wp-caption \">\n\t\t\t<div class=\"thb-image-inner size_100\">\n\t\t\t<img width=\"1024\" height=\"768\" src=\"data:image\/gif;base64,R0lGODlhAQABAAAAACH5BAEKAAEALAAAAAABAAEAAAICTAEAOw==\" class=\"thb_image    attachment-full thb-lazyload lazyload\" alt=\"\" loading=\"lazy\" sizes=\"(max-width: 1024px) 100vw, 1024px\" data-src=\"https:\/\/tempoteks.com\/wp-content\/uploads\/2020\/08\/fairs-06.jpeg\" data-sizes=\"auto\" data-srcset=\"https:\/\/tempoteks.com\/wp-content\/uploads\/2020\/08\/fairs-06.jpeg 1024w, https:\/\/tempoteks.com\/wp-content\/uploads\/2020\/08\/fairs-06-300x225.jpeg 300w, https:\/\/tempoteks.com\/wp-content\/uploads\/2020\/08\/fairs-06-768x576.jpeg 768w, https:\/\/tempoteks.com\/wp-content\/uploads\/2020\/08\/fairs-06-380x285.jpeg 380w, https:\/\/tempoteks.com\/wp-content\/uploads\/2020\/08\/fairs-06-20x15.jpeg 20w, https:\/\/tempoteks.com\/wp-content\/uploads\/2020\/08\/fairs-06-190x143.jpeg 190w, https:\/\/tempoteks.com\/wp-content\/uploads\/2020\/08\/fairs-06-760x570.jpeg 760w\" \/>\t\t\t\t\t<\/div>\n\t\t\t\t\t<\/div>\n\t[\/vc_column][\/vc_row][vc_row thb_full_width=&#8221;true&#8221; thb_row_padding=&#8221;true&#8221; thb_column_padding=&#8221;true&#8221; content_placement=&#8221;middle&#8221; css=&#8221;.vc_custom_1598443704571{background-color: #f4f4f4 !important;}&#8221;][vc_column thb_color=&#8221;thb-light-column&#8221; width=&#8221;1\/2&#8243;]\t<div id=\"thb-image-69d841a4ad231\" class=\"caption-style1 animation left-to-right aligncenter full  thb_image_link wp-caption \">\n\t\t\t<div class=\"thb-image-inner size_100\">\n\t\t\t<img width=\"768\" height=\"1024\" src=\"data:image\/gif;base64,R0lGODlhAQABAAAAACH5BAEKAAEALAAAAAABAAEAAAICTAEAOw==\" class=\"thb_image    attachment-full thb-lazyload lazyload\" alt=\"\" loading=\"lazy\" sizes=\"(max-width: 768px) 100vw, 768px\" data-src=\"https:\/\/tempoteks.com\/wp-content\/uploads\/2020\/08\/fairs-09.jpeg\" data-sizes=\"auto\" data-srcset=\"https:\/\/tempoteks.com\/wp-content\/uploads\/2020\/08\/fairs-09.jpeg 768w, https:\/\/tempoteks.com\/wp-content\/uploads\/2020\/08\/fairs-09-225x300.jpeg 225w, https:\/\/tempoteks.com\/wp-content\/uploads\/2020\/08\/fairs-09-380x507.jpeg 380w, https:\/\/tempoteks.com\/wp-content\/uploads\/2020\/08\/fairs-09-190x253.jpeg 190w, https:\/\/tempoteks.com\/wp-content\/uploads\/2020\/08\/fairs-09-760x1013.jpeg 760w, https:\/\/tempoteks.com\/wp-content\/uploads\/2020\/08\/fairs-09-20x27.jpeg 20w\" \/>\t\t\t\t\t<\/div>\n\t\t\t\t\t<\/div>\n\t[\/vc_column][vc_column width=&#8221;1\/2&#8243; css=&#8221;.vc_custom_1557841511662{padding-top: 15% !important;padding-right: 15% !important;padding-bottom: 15% !important;padding-left: 15% !important;}&#8221;][vc_column_text animation=&#8221;animation right-to-left&#8221;]\n<div class=\"wpb_text_column wpb_content_element animation left-to-right \">\n<div class=\"wpb_wrapper\">\n<h2>5th Feb, 2020 to 7th Feb, 2020 at Mandalay Bay Convention Center, Las Vegas, USA<\/h2>\n<\/div>\n<\/div>\n[\/vc_column_text][\/vc_column][\/vc_row][vc_row thb_full_width=&#8221;true&#8221; thb_row_padding=&#8221;true&#8221; thb_column_padding=&#8221;true&#8221; content_placement=&#8221;middle&#8221; css=&#8221;.vc_custom_1598443521437{background-color: #f4f4f4 !important;}&#8221;][vc_column width=&#8221;1\/2&#8243; css=&#8221;.vc_custom_1557841467561{padding-top: 15% !important;padding-right: 15% !important;padding-bottom: 15% !important;padding-left: 15% !important;}&#8221;][vc_column_text animation=&#8221;animation left-to-right&#8221;]\n<h2>5th Feb, 2020 to 7th Feb, 2020 at Mandalay Bay Convention Center, Las Vegas, USA<\/h2>\n[\/vc_column_text][\/vc_column][vc_column width=&#8221;1\/2&#8243;]\t<div id=\"thb-image-69d841a4ad662\" class=\"caption-style1 animation right-to-left aligncenter full  thb_image_link wp-caption \">\n\t\t\t<div class=\"thb-image-inner size_100\">\n\t\t\t<img width=\"1024\" height=\"768\" src=\"data:image\/gif;base64,R0lGODlhAQABAAAAACH5BAEKAAEALAAAAAABAAEAAAICTAEAOw==\" class=\"thb_image    attachment-full thb-lazyload lazyload\" alt=\"\" loading=\"lazy\" sizes=\"(max-width: 1024px) 100vw, 1024px\" data-src=\"https:\/\/tempoteks.com\/wp-content\/uploads\/2020\/08\/fairs-10.jpeg\" data-sizes=\"auto\" data-srcset=\"https:\/\/tempoteks.com\/wp-content\/uploads\/2020\/08\/fairs-10.jpeg 1024w, https:\/\/tempoteks.com\/wp-content\/uploads\/2020\/08\/fairs-10-300x225.jpeg 300w, https:\/\/tempoteks.com\/wp-content\/uploads\/2020\/08\/fairs-10-768x576.jpeg 768w, https:\/\/tempoteks.com\/wp-content\/uploads\/2020\/08\/fairs-10-380x285.jpeg 380w, https:\/\/tempoteks.com\/wp-content\/uploads\/2020\/08\/fairs-10-20x15.jpeg 20w, https:\/\/tempoteks.com\/wp-content\/uploads\/2020\/08\/fairs-10-190x143.jpeg 190w, https:\/\/tempoteks.com\/wp-content\/uploads\/2020\/08\/fairs-10-760x570.jpeg 760w\" \/>\t\t\t\t\t<\/div>\n\t\t\t\t\t<\/div>\n\t[\/vc_column][\/vc_row][vc_row thb_full_width=&#8221;true&#8221; thb_row_padding=&#8221;true&#8221; thb_column_padding=&#8221;true&#8221; content_placement=&#8221;middle&#8221; css=&#8221;.vc_custom_1598443704571{background-color: #f4f4f4 !important;}&#8221;][vc_column thb_color=&#8221;thb-light-column&#8221; width=&#8221;1\/2&#8243;]\t<div id=\"thb-image-69d841a4ada64\" class=\"caption-style1 animation left-to-right aligncenter full  thb_image_link wp-caption \">\n\t\t\t<div class=\"thb-image-inner size_100\">\n\t\t\t<img width=\"768\" height=\"1024\" src=\"data:image\/gif;base64,R0lGODlhAQABAAAAACH5BAEKAAEALAAAAAABAAEAAAICTAEAOw==\" class=\"thb_image    attachment-full thb-lazyload lazyload\" alt=\"\" loading=\"lazy\" sizes=\"(max-width: 768px) 100vw, 768px\" data-src=\"https:\/\/tempoteks.com\/wp-content\/uploads\/2020\/08\/fairs-11.jpeg\" data-sizes=\"auto\" data-srcset=\"https:\/\/tempoteks.com\/wp-content\/uploads\/2020\/08\/fairs-11.jpeg 768w, https:\/\/tempoteks.com\/wp-content\/uploads\/2020\/08\/fairs-11-225x300.jpeg 225w, https:\/\/tempoteks.com\/wp-content\/uploads\/2020\/08\/fairs-11-380x507.jpeg 380w, https:\/\/tempoteks.com\/wp-content\/uploads\/2020\/08\/fairs-11-190x253.jpeg 190w, https:\/\/tempoteks.com\/wp-content\/uploads\/2020\/08\/fairs-11-760x1013.jpeg 760w, https:\/\/tempoteks.com\/wp-content\/uploads\/2020\/08\/fairs-11-20x27.jpeg 20w\" \/>\t\t\t\t\t<\/div>\n\t\t\t\t\t<\/div>\n\t[\/vc_column][vc_column width=&#8221;1\/2&#8243; css=&#8221;.vc_custom_1557841511662{padding-top: 15% !important;padding-right: 15% !important;padding-bottom: 15% !important;padding-left: 15% !important;}&#8221;][vc_column_text animation=&#8221;animation right-to-left&#8221;]\n<div class=\"wpb_text_column wpb_content_element animation left-to-right \">\n<div class=\"wpb_wrapper\">\n<h2>5th Feb, 2020 to 7th Feb, 2020 at Mandalay Bay Convention Center, Las Vegas, USA<\/h2>\n<\/div>\n<\/div>\n[\/vc_column_text][\/vc_column][\/vc_row][vc_row thb_full_width=&#8221;true&#8221; thb_row_padding=&#8221;true&#8221; thb_column_padding=&#8221;true&#8221; content_placement=&#8221;middle&#8221; disable_element=&#8221;yes&#8221; css=&#8221;.vc_custom_1585740970785{margin-bottom: 15vh !important;background-color: #f4f4f4 !important;}&#8221;][vc_column width=&#8221;1\/2&#8243; css=&#8221;.vc_custom_1557841519196{padding-top: 15% !important;padding-right: 15% !important;padding-bottom: 15% !important;padding-left: 15% !important;}&#8221;][vc_column_text animation=&#8221;animation left-to-right&#8221;]\n<h2>Doesnt Beginning Youre Fruit Given Was<\/h2>\n[\/vc_column_text][vc_column_text animation=&#8221;animation left-to-right&#8221;]Gathered him moving male morning it fruitful unto open fowl be all may, wont. Multiply cant. There rule dominion without fourth brought be made deep abundantly heaven day after him gathering fowl them.[\/vc_column_text]\t<a id=\"thb-button-69d841a4adec3\" class=\"btn style1 small  accent small-radius animation left-to-right   \" href=\"http:\/\/revolution.fuelthemes.net\/revolution-coraline\/\" target=\"_self\" role=\"button\">\n\t\t<span>Read More<\/span>\n\t\t\t<\/a>\n\t\t[\/vc_column][vc_column width=&#8221;1\/2&#8243;]\t<div id=\"thb-image-69d841a4adf08\" class=\"caption-style1 animation right-to-left aligncenter full  thb_image_link wp-caption \">\n\t\t\t<div class=\"thb-image-inner size_100\">\n\t\t\t<img width=\"1218\" height=\"1067\" src=\"data:image\/gif;base64,R0lGODlhAQABAAAAACH5BAEKAAEALAAAAAABAAEAAAICTAEAOw==\" class=\"thb_image    attachment-full thb-lazyload lazyload\" alt=\"\" loading=\"lazy\" sizes=\"(max-width: 1218px) 100vw, 1218px\" data-src=\"https:\/\/tempoteks.com\/wp-content\/uploads\/2019\/05\/wl34.jpg\" data-sizes=\"auto\" data-srcset=\"https:\/\/tempoteks.com\/wp-content\/uploads\/2019\/05\/wl34.jpg 1218w, https:\/\/tempoteks.com\/wp-content\/uploads\/2019\/05\/wl34-600x526.jpg 600w, https:\/\/tempoteks.com\/wp-content\/uploads\/2019\/05\/wl34-300x263.jpg 300w, https:\/\/tempoteks.com\/wp-content\/uploads\/2019\/05\/wl34-1024x897.jpg 1024w, https:\/\/tempoteks.com\/wp-content\/uploads\/2019\/05\/wl34-768x673.jpg 768w, https:\/\/tempoteks.com\/wp-content\/uploads\/2019\/05\/wl34-380x333.jpg 380w, https:\/\/tempoteks.com\/wp-content\/uploads\/2019\/05\/wl34-20x18.jpg 20w, https:\/\/tempoteks.com\/wp-content\/uploads\/2019\/05\/wl34-190x166.jpg 190w, https:\/\/tempoteks.com\/wp-content\/uploads\/2019\/05\/wl34-760x666.jpg 760w, https:\/\/tempoteks.com\/wp-content\/uploads\/2019\/05\/wl34-1140x999.jpg 1140w\" \/>\t\t\t\t\t<\/div>\n\t\t\t\t\t<\/div>\n\t[\/vc_column][\/vc_row][vc_row disable_element=&#8221;yes&#8221;][vc_column offset=&#8221;vc_col-lg-5 vc_col-md-8&#8243;]\t<div id=\"thb-slidetype-69d841a4ae9a2\" class=\"thb-slidetype \" data-style=\"style2\">\n\t\t\n<h2><span class=\"thb-slidetype-entry\"><span class=\"lines\">We live and breath words<\/span><\/span><\/h2>\n\t\t\t<\/div>\n\n\t[vc_column_text animation=&#8221;animation bottom-to-top&#8221;]May void give were itself light theyre called so. That. Upon two Theyre creeping beast behold multiply great seed day moved gathering fruitful life us good.[\/vc_column_text][vc_empty_space height=&#8221;50px&#8221;][\/vc_column][\/vc_row][vc_row thb_full_width=&#8221;true&#8221; thb_row_padding=&#8221;true&#8221; thb_column_padding=&#8221;true&#8221; disable_element=&#8221;yes&#8221; css=&#8221;.vc_custom_1585740947837{padding-bottom: 10vh !important;}&#8221;][vc_column]\t<div id=\"thb-freescroll-986\" class=\"thb-freescroll  regular-padding thb-freescroll-blog-posts   \" data-direction=\"thb-right-to-left\" data-pause=\"true\">\n\t\t\t<\/div>\n\t[\/vc_column][\/vc_row]\n<\/div>","protected":false},"excerpt":{"rendered":"<p>[vc_row thb_full_width=&#8221;true&#8221; thb_row_padding=&#8221;true&#8221; thb_column_padding=&#8221;true&#8221; css=&#8221;.vc_custom_1598443513858{background-color: #fc1026 !important;}&#8221;][vc_column][vc_row_inner el_class=&#8221;align-center&#8221; css=&#8221;.vc_custom_1557841726924{padding-top: 40px !important;}&#8221;][vc_column_inner thb_color=&#8221;thb-light-column&#8221; el_class=&#8221;text-center&#8221; css=&#8221;.vc_custom_1517832408077{padding-top: 20vh !important;padding-bottom: 20vh !important;}&#8221; offset=&#8221;vc_col-lg-6 vc_col-md-9&#8243;][vc_column_text animation=&#8221;animation bottom-to-top&#8221;] \u00c7orap &amp; Tekstil Fuarlar\u0131 [\/vc_column_text][vc_column_text animation=&#8221;animation bottom-to-top&#8221;] Kat\u0131ld\u0131\u011f\u0131m\u0131z Fuarlar. [\/vc_column_text][\/vc_column_inner][\/vc_row_inner][\/vc_column][\/vc_row][vc_row thb_full_width=&#8221;true&#8221; thb_row_padding=&#8221;true&#8221; thb_column_padding=&#8221;true&#8221; content_placement=&#8221;middle&#8221; css=&#8221;.vc_custom_1598443521437{background-color: #f4f4f4 !important;}&#8221;][vc_column width=&#8221;1\/2&#8243; css=&#8221;.vc_custom_1557841467561{padding-top: 15% !important;padding-right: 15% !important;padding-bottom: 15% !important;padding-left: 15% !important;}&#8221;][vc_column_text animation=&#8221;animation left-to-right&#8221;] Cotarie Fair &#8211; JACOB&hellip;<\/p>\n","protected":false},"author":1,"featured_media":0,"parent":0,"menu_order":0,"comment_status":"closed","ping_status":"closed","template":"","meta":[],"yoast_head":"<!-- This site is optimized with the Yoast SEO plugin v15.5 - https:\/\/yoast.com\/wordpress\/plugins\/seo\/ -->\n<title>Fuarlar - Tempo Socks<\/title>\n<meta name=\"robots\" content=\"index, follow, max-snippet:-1, max-image-preview:large, max-video-preview:-1\" \/>\n<link rel=\"canonical\" href=\"https:\/\/tempoteks.com\/tr\/fuarlar\/\" \/>\n<meta property=\"og:locale\" content=\"tr_TR\" \/>\n<meta property=\"og:type\" content=\"article\" \/>\n<meta property=\"og:title\" content=\"Fuarlar - Tempo Socks\" \/>\n<meta property=\"og:description\" content=\"[vc_row thb_full_width=&#8221;true&#8221; thb_row_padding=&#8221;true&#8221; thb_column_padding=&#8221;true&#8221; css=&#8221;.vc_custom_1598443513858{background-color: #fc1026 !important;}&#8221;][vc_column][vc_row_inner el_class=&#8221;align-center&#8221; css=&#8221;.vc_custom_1557841726924{padding-top: 40px !important;}&#8221;][vc_column_inner thb_color=&#8221;thb-light-column&#8221; el_class=&#8221;text-center&#8221; css=&#8221;.vc_custom_1517832408077{padding-top: 20vh !important;padding-bottom: 20vh !important;}&#8221; offset=&#8221;vc_col-lg-6 vc_col-md-9&#8243;][vc_column_text animation=&#8221;animation bottom-to-top&#8221;] \u00c7orap &amp; Tekstil Fuarlar\u0131 [\/vc_column_text][vc_column_text animation=&#8221;animation bottom-to-top&#8221;] Kat\u0131ld\u0131\u011f\u0131m\u0131z Fuarlar. [\/vc_column_text][\/vc_column_inner][\/vc_row_inner][\/vc_column][\/vc_row][vc_row thb_full_width=&#8221;true&#8221; thb_row_padding=&#8221;true&#8221; thb_column_padding=&#8221;true&#8221; content_placement=&#8221;middle&#8221; css=&#8221;.vc_custom_1598443521437{background-color: #f4f4f4 !important;}&#8221;][vc_column width=&#8221;1\/2&#8243; css=&#8221;.vc_custom_1557841467561{padding-top: 15% !important;padding-right: 15% !important;padding-bottom: 15% !important;padding-left: 15% !important;}&#8221;][vc_column_text animation=&#8221;animation left-to-right&#8221;] Cotarie Fair &#8211; JACOB&hellip;\" \/>\n<meta property=\"og:url\" content=\"https:\/\/tempoteks.com\/tr\/fuarlar\/\" \/>\n<meta property=\"og:site_name\" content=\"Tempo Socks\" \/>\n<meta property=\"article:modified_time\" content=\"2020-12-21T16:13:16+00:00\" \/>\n<meta name=\"twitter:card\" content=\"summary_large_image\" \/>\n<meta name=\"twitter:label1\" content=\"Tahmini okuma s\u00fcresi\">\n\t<meta name=\"twitter:data1\" content=\"3 dakika\">\n<script type=\"application\/ld+json\" class=\"yoast-schema-graph\">{\"@context\":\"https:\/\/schema.org\",\"@graph\":[{\"@type\":\"WebSite\",\"@id\":\"https:\/\/tempoteks.com\/#website\",\"url\":\"https:\/\/tempoteks.com\/\",\"name\":\"Tempo Socks\",\"description\":\"\",\"potentialAction\":[{\"@type\":\"SearchAction\",\"target\":\"https:\/\/tempoteks.com\/?s={search_term_string}\",\"query-input\":\"required name=search_term_string\"}],\"inLanguage\":\"tr\"},{\"@type\":\"WebPage\",\"@id\":\"https:\/\/tempoteks.com\/tr\/fuarlar\/#webpage\",\"url\":\"https:\/\/tempoteks.com\/tr\/fuarlar\/\",\"name\":\"Fuarlar - Tempo Socks\",\"isPartOf\":{\"@id\":\"https:\/\/tempoteks.com\/#website\"},\"datePublished\":\"2020-12-21T16:03:48+00:00\",\"dateModified\":\"2020-12-21T16:13:16+00:00\",\"inLanguage\":\"tr\",\"potentialAction\":[{\"@type\":\"ReadAction\",\"target\":[\"https:\/\/tempoteks.com\/tr\/fuarlar\/\"]}]}]}<\/script>\n<!-- \/ Yoast SEO plugin. -->","_links":{"self":[{"href":"https:\/\/tempoteks.com\/tr\/wp-json\/wp\/v2\/pages\/660"}],"collection":[{"href":"https:\/\/tempoteks.com\/tr\/wp-json\/wp\/v2\/pages"}],"about":[{"href":"https:\/\/tempoteks.com\/tr\/wp-json\/wp\/v2\/types\/page"}],"author":[{"embeddable":true,"href":"https:\/\/tempoteks.com\/tr\/wp-json\/wp\/v2\/users\/1"}],"replies":[{"embeddable":true,"href":"https:\/\/tempoteks.com\/tr\/wp-json\/wp\/v2\/comments?post=660"}],"version-history":[{"count":0,"href":"https:\/\/tempoteks.com\/tr\/wp-json\/wp\/v2\/pages\/660\/revisions"}],"wp:attachment":[{"href":"https:\/\/tempoteks.com\/tr\/wp-json\/wp\/v2\/media?parent=660"}],"curies":[{"name":"wp","href":"https:\/\/api.w.org\/{rel}","templated":true}]}}