{"id":656,"date":"2020-12-21T15:56:36","date_gmt":"2020-12-21T15:56:36","guid":{"rendered":"https:\/\/tempoteks.com\/?page_id=656"},"modified":"2020-12-21T16:00:27","modified_gmt":"2020-12-21T16:00:27","slug":"iletisim","status":"publish","type":"page","link":"https:\/\/tempoteks.com\/tr\/iletisim\/","title":{"rendered":"\u0130leti\u015fim"},"content":{"rendered":"<div class=\"pf-content\">[vc_row thb_full_width=&#8221;true&#8221; thb_row_padding=&#8221;true&#8221; thb_column_padding=&#8221;true&#8221; css=&#8221;.vc_custom_1557844016480{padding-top: 220px !important;padding-bottom: 160px !important;background-color: #fc1026 !important;}&#8221; el_class=&#8221;align-center&#8221;][vc_column thb_color=&#8221;thb-light-column&#8221; css=&#8221;.vc_custom_1557843736454{padding-top: 7vh !important;padding-bottom: 4vh !important;}&#8221; el_class=&#8221;text-center&#8221;]\t<div id=\"thb-slidetype-69d841a516747\" class=\"thb-slidetype \" data-style=\"style1\">\n\t\t\n<h2><span class=\"thb-slidetype-entry\"><span class=\"lines\">Bizimle ileti\u015fime ge\u00e7in.<\/span><\/span><\/h2>\n\t\t\t<\/div>\n\n\t[vc_column_text animation=&#8221;animation bottom-to-top&#8221;]Daha fazlas\u0131n\u0131 \u00f6\u011frenmek veya size nas\u0131l daha iyi yard\u0131mc\u0131 olabilece\u011fimizi \u00f6\u011frenmek i\u00e7in bizimle ileti\u015fime ge\u00e7in.[\/vc_column_text][\/vc_column][\/vc_row][vc_row thb_full_width=&#8221;true&#8221; css=&#8221;.vc_custom_1593673682106{padding-top: 120px !important;padding-bottom: 120px !important;}&#8221;][vc_column width=&#8221;1\/2&#8243; css=&#8221;.vc_custom_1517593771591{padding-left: 5% !important;}&#8221;][vc_column_text animation=&#8221;animation right-to-left&#8221;]<strong>Adres<\/strong><\/p>\n<p><small>Tempo Plaza Mahmutbey Mahallesi Ordu Caddesi No:42 34218 Ba\u011fc\u0131lar\/\u0130stanbul\/T\u00fcrkiye<\/small>[\/vc_column_text][vc_column_text animation=&#8221;animation right-to-left&#8221;]<strong>Bizi Aray\u0131n<\/strong><\/p>\n<p><small>Telefon: +90 212 446 36 36<\/small><br \/>\n<small>Fax: +90 212 446 25 00<\/small>[\/vc_column_text][vc_column_text animation=&#8221;animation right-to-left&#8221;]<strong>Mail G\u00f6nderin<\/strong><\/p>\n<p><span style=\"color: #000000;\"><a style=\"color: #000000;\" href=\"mailto:info@tempoteks.com\"><small>info@tempoteks.com<\/small><\/a><\/span>[\/vc_column_text][\/vc_column][vc_column width=&#8221;1\/2&#8243;]<div role=\"form\" class=\"wpcf7\" id=\"wpcf7-f643-o1\" lang=\"en-US\" dir=\"ltr\">\n<div class=\"screen-reader-response\"><p role=\"status\" aria-live=\"polite\" aria-atomic=\"true\"><\/p> <ul><\/ul><\/div>\n<form action=\"\/tr\/wp-json\/wp\/v2\/pages\/656#wpcf7-f643-o1\" method=\"post\" class=\"wpcf7-form init\" novalidate=\"novalidate\" data-status=\"init\">\n<div style=\"display: none;\">\n<input type=\"hidden\" name=\"_wpcf7\" value=\"643\" \/>\n<input type=\"hidden\" name=\"_wpcf7_version\" value=\"5.3.2\" \/>\n<input type=\"hidden\" name=\"_wpcf7_locale\" value=\"en_US\" \/>\n<input type=\"hidden\" name=\"_wpcf7_unit_tag\" value=\"wpcf7-f643-o1\" \/>\n<input type=\"hidden\" name=\"_wpcf7_container_post\" value=\"0\" \/>\n<input type=\"hidden\" name=\"_wpcf7_posted_data_hash\" value=\"\" \/>\n<\/div>\n<p><label> Ad\u0131n\u0131z<br \/>\n    <span class=\"wpcf7-form-control-wrap your-name\"><input type=\"text\" name=\"your-name\" value=\"\" size=\"40\" class=\"wpcf7-form-control wpcf7-text wpcf7-validates-as-required\" aria-required=\"true\" aria-invalid=\"false\" \/><\/span> <\/label><\/p>\n<p><label> Mail Adresiniz<br \/>\n    <span class=\"wpcf7-form-control-wrap your-email\"><input type=\"email\" name=\"your-email\" value=\"\" size=\"40\" class=\"wpcf7-form-control wpcf7-text wpcf7-email wpcf7-validates-as-required wpcf7-validates-as-email\" aria-required=\"true\" aria-invalid=\"false\" \/><\/span> <\/label><\/p>\n<p><label> Konu<br \/>\n    <span class=\"wpcf7-form-control-wrap your-subject\"><input type=\"text\" name=\"your-subject\" value=\"\" size=\"40\" class=\"wpcf7-form-control wpcf7-text wpcf7-validates-as-required\" aria-required=\"true\" aria-invalid=\"false\" \/><\/span> <\/label><\/p>\n<p><label> Mesaj\u0131n\u0131z<br \/>\n    <span class=\"wpcf7-form-control-wrap your-message\"><textarea name=\"your-message\" cols=\"40\" rows=\"10\" class=\"wpcf7-form-control wpcf7-textarea\" aria-invalid=\"false\"><\/textarea><\/span> <\/label><\/p>\n<p><b>K\u0130\u015e\u0130SEL VER\u0130LER\u0130N  \u0130\u015eLENMES\u0130NE \u0130L\u0130\u015eK\u0130N A\u00c7IK RIZA METN\u0130<\/b><\/p>\n<p>Taraf\u0131ma sunulan Ayd\u0131nlatma Metni kapsam\u0131nda, Ki\u015fisel Verilerimin i\u015fleme ama\u00e7lar\u0131na ili\u015fkin ayr\u0131nt\u0131lara Ayd\u0131nlatma Metni\u2019nde yer verildi\u011fi \u015fekilde; (i) \u015eirketimiz taraf\u0131ndan y\u00fcr\u00fct\u00fclen m\u00fc\u015fteri memnuniyeti anketleri kapsam\u0131nda i\u015flenmesine, bu ama\u00e7 do\u011frultusunda hizmet veren yurt i\u00e7inde mukim tedarik\u00e7i firmalara aktar\u0131lmas\u0131na ve bu firmalarca i\u015flenmesine, (ii) \u015eirketimiz taraf\u0131ndan \u00fcretilen \u00fcr\u00fcnlerle ilgili tan\u0131t\u0131m, pazar ara\u015ft\u0131rmas\u0131 ve analizleri, etkinlik y\u00f6netimi ve pazarlama faaliyetleri ama\u00e7lar\u0131yla i\u015flenmesine, (iii) ilgili ki\u015fisel verilerin yukar\u0131da belirtilen s\u00fcre\u00e7lerinin icras\u0131 kapsam\u0131nda saklama faaliyetlerinin y\u00fcr\u00fct\u00fclmesi amac\u0131yla yurtd\u0131\u015f\u0131nda bulunan bulut tabanl\u0131 Microsoft Dynamics\u2019e aktar\u0131lmas\u0131na ve Microsoft Dynamics b\u00fcnyesinde saklanmas\u0131na ve (iv) yukar\u0131da belirtilen ama\u00e7lar kapsam\u0131nda, TEMPO Tekstil \u2018 in taraf\u0131ma e-posta ve SMS\/MMS g\u00f6ndermesini ve taraf\u0131mla telefon irtibata ge\u00e7ilmesini,<\/p>\n<p><span class=\"wpcf7-form-control-wrap checkbox-977\"><span class=\"wpcf7-form-control wpcf7-checkbox\"><span class=\"wpcf7-list-item first last\"><label><input type=\"checkbox\" name=\"checkbox-977[]\" value=\"Gizlilik Politikas\u0131n\u0131 ve Kullan\u0131c\u0131 S\u00f6zle\u015fmesi okudum ve kabul ediyorum.\" \/><span class=\"wpcf7-list-item-label\">Gizlilik Politikas\u0131n\u0131 ve Kullan\u0131c\u0131 S\u00f6zle\u015fmesi okudum ve kabul ediyorum.<\/span><\/label><\/span><\/span><\/span><\/p>\n<p><span class=\"wpcf7-form-control-wrap radio-667\"><span class=\"wpcf7-form-control wpcf7-radio\"><span class=\"wpcf7-list-item first\"><label><input type=\"radio\" name=\"radio-667\" value=\"Evet, Kabul Ediyorum\" checked=\"checked\" \/><span class=\"wpcf7-list-item-label\">Evet, Kabul Ediyorum<\/span><\/label><\/span><span class=\"wpcf7-list-item last\"><label><input type=\"radio\" name=\"radio-667\" value=\"Hay\u0131r, Kabul Etmiyorum\" \/><span class=\"wpcf7-list-item-label\">Hay\u0131r, Kabul Etmiyorum<\/span><\/label><\/span><\/span><\/span><\/p>\n<p><\/p>\n<p><input type=\"submit\" value=\"G\u00f6nder\" class=\"wpcf7-form-control wpcf7-submit\" \/><\/p>\n<div class=\"wpcf7-response-output\" aria-hidden=\"true\"><\/div><\/form><\/div>[\/vc_column][\/vc_row]\n<\/div>","protected":false},"excerpt":{"rendered":"<p>[vc_row thb_full_width=&#8221;true&#8221; thb_row_padding=&#8221;true&#8221; thb_column_padding=&#8221;true&#8221; css=&#8221;.vc_custom_1557844016480{padding-top: 220px !important;padding-bottom: 160px !important;background-color: #fc1026 !important;}&#8221; el_class=&#8221;align-center&#8221;][vc_column thb_color=&#8221;thb-light-column&#8221; css=&#8221;.vc_custom_1557843736454{padding-top: 7vh !important;padding-bottom: 4vh !important;}&#8221; el_class=&#8221;text-center&#8221;][vc_column_text animation=&#8221;animation bottom-to-top&#8221;]Daha fazlas\u0131n\u0131 \u00f6\u011frenmek veya size nas\u0131l daha iyi yard\u0131mc\u0131 olabilece\u011fimizi \u00f6\u011frenmek i\u00e7in bizimle ileti\u015fime ge\u00e7in.[\/vc_column_text][\/vc_column][\/vc_row][vc_row thb_full_width=&#8221;true&#8221; css=&#8221;.vc_custom_1593673682106{padding-top: 120px !important;padding-bottom: 120px !important;}&#8221;][vc_column width=&#8221;1\/2&#8243; css=&#8221;.vc_custom_1517593771591{padding-left: 5% !important;}&#8221;][vc_column_text animation=&#8221;animation right-to-left&#8221;]Adres Tempo Plaza Mahmutbey Mahallesi Ordu Caddesi No:42 34218&hellip;<\/p>\n","protected":false},"author":1,"featured_media":0,"parent":0,"menu_order":0,"comment_status":"closed","ping_status":"closed","template":"","meta":[],"yoast_head":"<!-- This site is optimized with the Yoast SEO plugin v15.5 - https:\/\/yoast.com\/wordpress\/plugins\/seo\/ -->\n<title>\u0130leti\u015fim - Tempo Socks<\/title>\n<meta name=\"robots\" content=\"index, follow, max-snippet:-1, max-image-preview:large, max-video-preview:-1\" \/>\n<link rel=\"canonical\" href=\"https:\/\/tempoteks.com\/tr\/iletisim\/\" \/>\n<meta property=\"og:locale\" content=\"tr_TR\" \/>\n<meta property=\"og:type\" content=\"article\" \/>\n<meta property=\"og:title\" content=\"\u0130leti\u015fim - Tempo Socks\" \/>\n<meta property=\"og:description\" content=\"[vc_row thb_full_width=&#8221;true&#8221; thb_row_padding=&#8221;true&#8221; thb_column_padding=&#8221;true&#8221; css=&#8221;.vc_custom_1557844016480{padding-top: 220px !important;padding-bottom: 160px !important;background-color: #fc1026 !important;}&#8221; el_class=&#8221;align-center&#8221;][vc_column thb_color=&#8221;thb-light-column&#8221; css=&#8221;.vc_custom_1557843736454{padding-top: 7vh !important;padding-bottom: 4vh !important;}&#8221; el_class=&#8221;text-center&#8221;][vc_column_text animation=&#8221;animation bottom-to-top&#8221;]Daha fazlas\u0131n\u0131 \u00f6\u011frenmek veya size nas\u0131l daha iyi yard\u0131mc\u0131 olabilece\u011fimizi \u00f6\u011frenmek i\u00e7in bizimle ileti\u015fime ge\u00e7in.[\/vc_column_text][\/vc_column][\/vc_row][vc_row thb_full_width=&#8221;true&#8221; css=&#8221;.vc_custom_1593673682106{padding-top: 120px !important;padding-bottom: 120px !important;}&#8221;][vc_column width=&#8221;1\/2&#8243; css=&#8221;.vc_custom_1517593771591{padding-left: 5% !important;}&#8221;][vc_column_text animation=&#8221;animation right-to-left&#8221;]Adres Tempo Plaza Mahmutbey Mahallesi Ordu Caddesi No:42 34218&hellip;\" \/>\n<meta property=\"og:url\" content=\"https:\/\/tempoteks.com\/tr\/iletisim\/\" \/>\n<meta property=\"og:site_name\" content=\"Tempo Socks\" \/>\n<meta property=\"article:modified_time\" content=\"2020-12-21T16:00:27+00:00\" \/>\n<meta name=\"twitter:card\" content=\"summary_large_image\" \/>\n<meta name=\"twitter:label1\" content=\"Tahmini okuma s\u00fcresi\">\n\t<meta name=\"twitter:data1\" content=\"1 dakika\">\n<script type=\"application\/ld+json\" class=\"yoast-schema-graph\">{\"@context\":\"https:\/\/schema.org\",\"@graph\":[{\"@type\":\"WebSite\",\"@id\":\"https:\/\/tempoteks.com\/#website\",\"url\":\"https:\/\/tempoteks.com\/\",\"name\":\"Tempo Socks\",\"description\":\"\",\"potentialAction\":[{\"@type\":\"SearchAction\",\"target\":\"https:\/\/tempoteks.com\/?s={search_term_string}\",\"query-input\":\"required name=search_term_string\"}],\"inLanguage\":\"tr\"},{\"@type\":\"WebPage\",\"@id\":\"https:\/\/tempoteks.com\/tr\/iletisim\/#webpage\",\"url\":\"https:\/\/tempoteks.com\/tr\/iletisim\/\",\"name\":\"\\u0130leti\\u015fim - Tempo Socks\",\"isPartOf\":{\"@id\":\"https:\/\/tempoteks.com\/#website\"},\"datePublished\":\"2020-12-21T15:56:36+00:00\",\"dateModified\":\"2020-12-21T16:00:27+00:00\",\"inLanguage\":\"tr\",\"potentialAction\":[{\"@type\":\"ReadAction\",\"target\":[\"https:\/\/tempoteks.com\/tr\/iletisim\/\"]}]}]}<\/script>\n<!-- \/ Yoast SEO plugin. -->","_links":{"self":[{"href":"https:\/\/tempoteks.com\/tr\/wp-json\/wp\/v2\/pages\/656"}],"collection":[{"href":"https:\/\/tempoteks.com\/tr\/wp-json\/wp\/v2\/pages"}],"about":[{"href":"https:\/\/tempoteks.com\/tr\/wp-json\/wp\/v2\/types\/page"}],"author":[{"embeddable":true,"href":"https:\/\/tempoteks.com\/tr\/wp-json\/wp\/v2\/users\/1"}],"replies":[{"embeddable":true,"href":"https:\/\/tempoteks.com\/tr\/wp-json\/wp\/v2\/comments?post=656"}],"version-history":[{"count":0,"href":"https:\/\/tempoteks.com\/tr\/wp-json\/wp\/v2\/pages\/656\/revisions"}],"wp:attachment":[{"href":"https:\/\/tempoteks.com\/tr\/wp-json\/wp\/v2\/media?parent=656"}],"curies":[{"name":"wp","href":"https:\/\/api.w.org\/{rel}","templated":true}]}}