{"id":654,"date":"2020-12-21T15:51:08","date_gmt":"2020-12-21T15:51:08","guid":{"rendered":"https:\/\/tempoteks.com\/?page_id=654"},"modified":"2020-12-24T10:07:21","modified_gmt":"2020-12-24T10:07:21","slug":"basvuru-formu","status":"publish","type":"page","link":"https:\/\/tempoteks.com\/tr\/basvuru-formu\/","title":{"rendered":"Ba\u015fvuru Formu"},"content":{"rendered":"<div class=\"pf-content\">[vc_row][vc_column width=&#8221;1\/2&#8243;][vc_column_text]\n<h4>1.\u00a0\u00a0\u00a0\u00a0\u00a0\u00a0\u00a0\u00a0\u00a0 Form Hakk\u0131nda Bilgilendirme<\/h4>\n<p>\u0130\u015fbu Ba\u015fvuru Formu Tempo D\u0131\u015f Tic. Ve Tekstil San. Ltd. \u015eti. \u00a0(\u201cTEMPO\u201d) taraf\u0131ndan 6698 say\u0131l\u0131 Ki\u015fisel Verilerin Korunmas\u0131 Kanunu\u2019nun (\u201cKanun\u201d) madde 11 kapsam\u0131nda ilgili ki\u015finin veri sorumlusu TEMPO \u2019ya ba\u015fvurmas\u0131nda \u00f6rnek olmas\u0131 ve kolayl\u0131k sa\u011flamas\u0131 amac\u0131yla d\u00fczenlenmi\u015f olup, ilgili ki\u015finin i\u015fbu form ile ba\u015fvurmas\u0131 zorunlu de\u011fildir.<\/p>\n<p>Bu konuda ayr\u0131nt\u0131l\u0131 bilgi i\u00e7in <a href=\"http:\/\/www.tempoteks.com\">www.tempoteks.com<\/a> sitesinde yer alan TEMPO D\u0131\u015f Tic. Ve Tekstil San. Ltd. \u015eti.. Ki\u015fisel Verilerin Korunmas\u0131, \u0130\u015flenmesi ve \u0130mha Politikas\u0131\u2019n\u0131n V b\u00f6l\u00fcm\u00fc incelenmelidir.<\/p>\n<h4>2.\u00a0\u00a0\u00a0\u00a0\u00a0\u00a0\u00a0\u00a0\u00a0 \u0130lgili Ki\u015fiye Ait Bilgiler<strong>\u00a0<\/strong><\/h4>\n<table style=\"height: 375px;\" width=\"580\">\n<tbody>\n<tr>\n<td width=\"397\"><u>\u00a0<\/u><strong><u>\u0130lgili Ki\u015finin;<\/u><\/strong><\/p>\n<p><strong>Ad\u0131- Soyad\u0131<\/strong><\/td>\n<td width=\"32\"><strong>:<\/strong><\/td>\n<\/tr>\n<tr>\n<td width=\"397\"><strong>T.C. Kimlik No<\/strong><\/td>\n<td width=\"32\"><strong>:<\/strong><\/td>\n<\/tr>\n<tr>\n<td width=\"397\"><strong>Telefon Numaras\u0131<\/strong><\/td>\n<td width=\"32\"><strong>:<\/strong><\/td>\n<\/tr>\n<tr>\n<td width=\"397\"><strong>Adres<\/strong><\/td>\n<td width=\"32\"><strong>:<\/strong><\/td>\n<\/tr>\n<tr>\n<td width=\"397\"><strong>E-posta Adres<\/strong><\/td>\n<td width=\"32\"><strong>:<\/strong><\/td>\n<\/tr>\n<tr>\n<td width=\"397\"><strong>Ba\u015fvuruda Bulunmak \u0130stedi\u011fi \u015eirket<\/strong><\/td>\n<td width=\"32\"><strong>:<\/strong><\/td>\n<\/tr>\n<tr>\n<td width=\"397\"><strong>\u015eirketimizle Olan \u0130li\u015fkiniz<\/strong><\/p>\n<p>(M\u00fc\u015fteri, i\u015f orta\u011f\u0131, \u00e7al\u0131\u015fan aday\u0131, eski \u00e7al\u0131\u015fan, 3. taraf firma \u00e7al\u0131\u015fan\u0131, hissedar vb.)<\/td>\n<td width=\"32\"><strong>:<\/strong><\/td>\n<\/tr>\n<\/tbody>\n<\/table>\n<p>&nbsp;<\/p>\n<ol start=\"3\">\n<li><strong>\u0130lgili Ki\u015finin Kvkk Madde 11 Kapsam\u0131nda Kullanaca\u011f\u0131 Hak\/Haklar<\/strong><\/li>\n<\/ol>\n<p><strong>\u00a0<\/strong><\/p>\n<table>\n<tbody>\n<tr>\n<td width=\"614\">\u00b7\u00a0\u00a0 \u015eirketinizin hakk\u0131mda ki\u015fisel veri i\u015fleyip i\u015flemedi\u011fini \u00f6\u011frenmek istiyorum.<\/td>\n<td width=\"37\">\u2610<\/td>\n<\/tr>\n<tr>\n<td width=\"614\">\u00b7\u00a0\u00a0 E\u011fer \u015firketiniz hakk\u0131mda ki\u015fisel veri i\u015fliyorsa bu veri i\u015fleme faaliyetleri hakk\u0131nda bilgi talep ediyorum.<\/td>\n<td width=\"37\">\u2610<\/td>\n<\/tr>\n<tr>\n<td width=\"614\">\u00b7\u00a0\u00a0 E\u011fer \u015firketiniz hakk\u0131mda ki\u015fisel veri i\u015fliyorsa bunlar\u0131n i\u015flenme amac\u0131n\u0131 ve i\u015flenme amac\u0131na uygun kullan\u0131l\u0131p kullanmad\u0131\u011f\u0131n\u0131 \u00f6\u011frenmek istiyorum.<\/td>\n<td width=\"37\">\u2610<\/td>\n<\/tr>\n<tr>\n<td width=\"614\">\u00b7\u00a0\u00a0 E\u011fer ki\u015fisel verilerim yurti\u00e7inde veya yurtd\u0131\u015f\u0131nda \u00fc\u00e7\u00fcnc\u00fc ki\u015filere aktar\u0131l\u0131yorsa bu \u00fc\u00e7\u00fcnc\u00fc ki\u015fileri bilmek istiyorum.<\/td>\n<td width=\"37\">\u2610<\/td>\n<\/tr>\n<tr>\n<td width=\"614\">\u00b7\u00a0\u00a0 Ki\u015fisel verilerimin eksik veya yanl\u0131\u015f i\u015flendi\u011fi d\u00fc\u015f\u00fcn\u00fcyorum ve bunlar\u0131n d\u00fczeltilmesini istiyorum.<\/td>\n<td width=\"37\">\u2610<\/td>\n<\/tr>\n<tr>\n<td width=\"614\">\u00b7\u00a0\u00a0 Ki\u015fisel verilerimin kanun ve ilgili di\u011fer kanun h\u00fck\u00fcmlerine uygun olarak i\u015flenmi\u015f olmas\u0131na ra\u011fmen, ki\u015fisel verilerimin silinmesini istiyorum.<\/td>\n<td width=\"37\">\u2610<\/td>\n<\/tr>\n<tr>\n<td width=\"614\">\u00b7\u00a0\u00a0 Eksik ve yanl\u0131\u015f i\u015flendi\u011fini d\u00fc\u015f\u00fcnd\u00fc\u011f\u00fcm ki\u015fisel verilerimin aktar\u0131ld\u0131\u011f\u0131 \u00fc\u00e7\u00fcnc\u00fc ki\u015filer nezdinde de d\u00fczeltilmesini istiyorum.<\/td>\n<td width=\"37\">\u2610<\/td>\n<\/tr>\n<tr>\n<td width=\"614\">\u00b7\u00a0\u00a0 Silinmesini talep etti\u011fim ki\u015fisel verilerimin aktar\u0131lan \u00fc\u00e7\u00fcnc\u00fc ki\u015filer nezdinde de silinmesini istiyorum.<\/td>\n<td width=\"37\">\u2610<\/td>\n<\/tr>\n<tr>\n<td width=\"614\">\u00b7\u00a0\u00a0 \u015eirketiniz taraf\u0131ndan i\u015flenen ki\u015fisel verilerim m\u00fcnhas\u0131ran otomatik sistemler vas\u0131tas\u0131yla analiz edildi\u011fini ve bu analiz neticesinde \u015fahs\u0131m aleyhine bir sonu\u00e7 do\u011fdu\u011funu d\u00fc\u015f\u00fcn\u00fcyorum. Bu sonuca itiraz ediyorum.<\/td>\n<td width=\"37\"><strong>\u00a0<\/strong><\/p>\n<p>\u2610<\/td>\n<\/tr>\n<\/tbody>\n<\/table>\n<p><strong>\u00a0<\/strong><\/p>\n<ol start=\"4\">\n<li><strong>\u0130lgili Ki\u015finin Ba\u015fvuru Kapsam\u0131nda Talepleri<\/strong><\/li>\n<\/ol>\n<p><strong>L\u00fctfen Kanun kapsam\u0131ndaki talebinizi detayl\u0131 olarak belirtiniz:<\/strong><\/p>\n<p><strong>\u00a0<\/strong><\/p>\n<p><strong>\u00a0<\/strong><\/p>\n<p><strong>\u00a0<\/strong><\/p>\n<p><strong>\u00a0<\/strong><\/p>\n<p><strong>\u00a0<\/strong><\/p>\n<p><strong>\u00a0<\/strong><\/p>\n<p><strong>\u00a0<\/strong><\/p>\n<p><strong>\u00a0<\/strong><\/p>\n<ol start=\"5\">\n<li><strong>\u0130lgili Ki\u015finin Ba\u015fvurusuna Cevap Tercihi<\/strong><\/li>\n<\/ol>\n<p><strong>L\u00fctfen ba\u015fvurunuza verece\u011fimiz yan\u0131t\u0131n taraf\u0131n\u0131za bildirilme y\u00f6ntemini se\u00e7iniz:<\/strong><strong>\u00a0<\/strong><\/p>\n<table>\n<tbody>\n<tr>\n<td width=\"592\">Adresime g\u00f6nderilmesini istiyorum.<\/td>\n<td width=\"37\">\u2610<\/td>\n<\/tr>\n<tr>\n<td width=\"592\">E-posta adresime g\u00f6nderilmesini istiyorum<\/td>\n<td width=\"37\">\u2610<\/td>\n<\/tr>\n<tr>\n<td width=\"592\">Elden teslim almak istiyorum.<\/p>\n<p>Vek\u00e2leten i\u015flem yap\u0131lmas\u0131 halinde noter tasdikli vekaletname veya imza sirk\u00fcleri ile birlikte vekaletname ibraz\u0131 gerekmektedir.<\/td>\n<td width=\"37\"><strong>\u00a0<\/strong><\/p>\n<p>\u2610<\/td>\n<\/tr>\n<\/tbody>\n<\/table>\n<p><strong>\u00a0<\/strong><\/p>\n<ol start=\"6\">\n<li><strong>Ekler<\/strong><\/li>\n<\/ol>\n<p>Talep etti\u011finiz konuda ba\u015fkas\u0131 ad\u0131na hareket ediyorsan\u0131z bu konuda \u00f6zel olarak yetkili olman\u0131z ve yetkinizin belgelendirilmesi, ba\u015fvurunun kimlik ve adres bilgilerini i\u00e7ermesi ve ba\u015fvuruya kimli\u011finizi tevsik edici belgelerin eklenmesi gerekmektedir.<\/p>\n<p>KVK madde 11 kapsam\u0131nda yapm\u0131\u015f oldu\u011fum ba\u015fvurumda yer alan bilgilerin do\u011fru ve ekindeki belgelerin hukuka uygun oldu\u011funu beyan eder, i\u015fbu Ba\u015fvuru Formunda yer alan bilgiler kapsam\u0131nda ba\u015fvurumun de\u011ferlendirilmesini ve sonucunun taraf\u0131ma bildirilmesini talep ederim.<\/p>\n<p>\u0130\u015fbu formu taraf\u0131m\u0131za g\u00f6ndererek, formda payla\u015fm\u0131\u015f oldu\u011funuz verilerin <a href=\"http:\/\/www.tempoteks.com\">www.tempoteks.com<\/a> adresinde yer alan ayd\u0131nlatma metninde belirtilen \u015fartlar ve payla\u015fma amac\u0131n\u0131z do\u011frultusunda TEMPO taraf\u0131ndan i\u015flenmesine, yurt i\u00e7ine ve yurt d\u0131\u015f\u0131na aktar\u0131lmas\u0131na onay vermi\u015f kabul edileceksiniz.<\/p>\n<h4><u>\u00a0\u0130lgili Ki\u015fi veya Yetkilendirdi\u011fi Ki\u015finin<\/u> <u>Ad\u0131 Soyad\u0131\u00a0 :<\/u><\/h4>\n<p><u>\u00a0<\/u><strong><u>Ba\u015fvuru Tarihi:<\/u><\/strong><\/p>\n<p><u>\u00a0<\/u><strong><u>\u0130mzas\u0131:<\/u><\/strong>[\/vc_column_text][\/vc_column][vc_column width=&#8221;1\/2&#8243;][vc_column_text]<div class=\"printfriendly pf-alignleft\"><a href=\"https:\/\/tempoteks.com\/tr\/basvuru-formu\/?pfstyle=wp\" rel=\"nofollow\"  title=\"Printer Friendly, PDF & Email\"><img style=\"border:none;-webkit-box-shadow:none; -moz-box-shadow: none; box-shadow:none; padding:0; margin:0\" src=\"data:image\/gif;base64,R0lGODlhAQABAAAAACH5BAEKAAEALAAAAAABAAEAAAICTAEAOw==\" data-src=\"https:\/\/cdn.printfriendly.com\/buttons\/printfriendly-pdf-button.png\" alt=\"Print Friendly, PDF & Email\" class=\"lazyload\" \/><\/a><\/div>[\/vc_column_text][\/vc_column][\/vc_row]\n<\/div>","protected":false},"excerpt":{"rendered":"<p>[vc_row][vc_column width=&#8221;1\/2&#8243;][vc_column_text] 1.\u00a0\u00a0\u00a0\u00a0\u00a0\u00a0\u00a0\u00a0\u00a0 Form Hakk\u0131nda Bilgilendirme \u0130\u015fbu Ba\u015fvuru Formu Tempo D\u0131\u015f Tic. Ve Tekstil San. Ltd. \u015eti. \u00a0(\u201cTEMPO\u201d) taraf\u0131ndan 6698 say\u0131l\u0131 Ki\u015fisel Verilerin Korunmas\u0131 Kanunu\u2019nun (\u201cKanun\u201d) madde 11 kapsam\u0131nda ilgili ki\u015finin veri sorumlusu TEMPO \u2019ya ba\u015fvurmas\u0131nda \u00f6rnek olmas\u0131 ve kolayl\u0131k sa\u011flamas\u0131 amac\u0131yla d\u00fczenlenmi\u015f olup, ilgili ki\u015finin i\u015fbu form ile ba\u015fvurmas\u0131 zorunlu de\u011fildir. Bu konuda ayr\u0131nt\u0131l\u0131&hellip;<\/p>\n","protected":false},"author":1,"featured_media":0,"parent":0,"menu_order":0,"comment_status":"closed","ping_status":"closed","template":"","meta":[],"yoast_head":"<!-- This site is optimized with the Yoast SEO plugin v15.5 - https:\/\/yoast.com\/wordpress\/plugins\/seo\/ -->\n<title>Ba\u015fvuru Formu - Tempo Socks<\/title>\n<meta name=\"robots\" content=\"index, follow, max-snippet:-1, max-image-preview:large, max-video-preview:-1\" \/>\n<link rel=\"canonical\" href=\"https:\/\/tempoteks.com\/tr\/basvuru-formu\/\" \/>\n<meta property=\"og:locale\" content=\"tr_TR\" \/>\n<meta property=\"og:type\" content=\"article\" \/>\n<meta property=\"og:title\" content=\"Ba\u015fvuru Formu - Tempo Socks\" \/>\n<meta property=\"og:description\" content=\"[vc_row][vc_column width=&#8221;1\/2&#8243;][vc_column_text] 1.\u00a0\u00a0\u00a0\u00a0\u00a0\u00a0\u00a0\u00a0\u00a0 Form Hakk\u0131nda Bilgilendirme \u0130\u015fbu Ba\u015fvuru Formu Tempo D\u0131\u015f Tic. Ve Tekstil San. Ltd. \u015eti. \u00a0(\u201cTEMPO\u201d) taraf\u0131ndan 6698 say\u0131l\u0131 Ki\u015fisel Verilerin Korunmas\u0131 Kanunu\u2019nun (\u201cKanun\u201d) madde 11 kapsam\u0131nda ilgili ki\u015finin veri sorumlusu TEMPO \u2019ya ba\u015fvurmas\u0131nda \u00f6rnek olmas\u0131 ve kolayl\u0131k sa\u011flamas\u0131 amac\u0131yla d\u00fczenlenmi\u015f olup, ilgili ki\u015finin i\u015fbu form ile ba\u015fvurmas\u0131 zorunlu de\u011fildir. Bu konuda ayr\u0131nt\u0131l\u0131&hellip;\" \/>\n<meta property=\"og:url\" content=\"https:\/\/tempoteks.com\/tr\/basvuru-formu\/\" \/>\n<meta property=\"og:site_name\" content=\"Tempo Socks\" \/>\n<meta property=\"article:modified_time\" content=\"2020-12-24T10:07:21+00:00\" \/>\n<meta name=\"twitter:card\" content=\"summary_large_image\" \/>\n<meta name=\"twitter:label1\" content=\"Tahmini okuma s\u00fcresi\">\n\t<meta name=\"twitter:data1\" content=\"2 dakika\">\n<script type=\"application\/ld+json\" class=\"yoast-schema-graph\">{\"@context\":\"https:\/\/schema.org\",\"@graph\":[{\"@type\":\"WebSite\",\"@id\":\"https:\/\/tempoteks.com\/#website\",\"url\":\"https:\/\/tempoteks.com\/\",\"name\":\"Tempo Socks\",\"description\":\"\",\"potentialAction\":[{\"@type\":\"SearchAction\",\"target\":\"https:\/\/tempoteks.com\/?s={search_term_string}\",\"query-input\":\"required name=search_term_string\"}],\"inLanguage\":\"tr\"},{\"@type\":\"WebPage\",\"@id\":\"https:\/\/tempoteks.com\/tr\/basvuru-formu\/#webpage\",\"url\":\"https:\/\/tempoteks.com\/tr\/basvuru-formu\/\",\"name\":\"Ba\\u015fvuru Formu - Tempo Socks\",\"isPartOf\":{\"@id\":\"https:\/\/tempoteks.com\/#website\"},\"datePublished\":\"2020-12-21T15:51:08+00:00\",\"dateModified\":\"2020-12-24T10:07:21+00:00\",\"inLanguage\":\"tr\",\"potentialAction\":[{\"@type\":\"ReadAction\",\"target\":[\"https:\/\/tempoteks.com\/tr\/basvuru-formu\/\"]}]}]}<\/script>\n<!-- \/ Yoast SEO plugin. -->","_links":{"self":[{"href":"https:\/\/tempoteks.com\/tr\/wp-json\/wp\/v2\/pages\/654"}],"collection":[{"href":"https:\/\/tempoteks.com\/tr\/wp-json\/wp\/v2\/pages"}],"about":[{"href":"https:\/\/tempoteks.com\/tr\/wp-json\/wp\/v2\/types\/page"}],"author":[{"embeddable":true,"href":"https:\/\/tempoteks.com\/tr\/wp-json\/wp\/v2\/users\/1"}],"replies":[{"embeddable":true,"href":"https:\/\/tempoteks.com\/tr\/wp-json\/wp\/v2\/comments?post=654"}],"version-history":[{"count":0,"href":"https:\/\/tempoteks.com\/tr\/wp-json\/wp\/v2\/pages\/654\/revisions"}],"wp:attachment":[{"href":"https:\/\/tempoteks.com\/tr\/wp-json\/wp\/v2\/media?parent=654"}],"curies":[{"name":"wp","href":"https:\/\/api.w.org\/{rel}","templated":true}]}}