{"id":646,"date":"2020-12-21T15:37:56","date_gmt":"2020-12-21T15:37:56","guid":{"rendered":"https:\/\/tempoteks.com\/?page_id=646"},"modified":"2020-12-24T19:14:44","modified_gmt":"2020-12-24T19:14:44","slug":"cerez-politikasi","status":"publish","type":"page","link":"https:\/\/tempoteks.com\/tr\/cerez-politikasi\/","title":{"rendered":"\u00c7erez Politikas\u0131"},"content":{"rendered":"<div class=\"pf-content\">[vc_row][vc_column width=&#8221;1\/2&#8243;][vc_column_text]<strong>\u00c7EREZ (\u201cCOOKIE\u201d) UYARISI<\/strong><\/p>\n<p>\u0130nternet sitemizden en verimli \u015fekilde faydalanabilmeniz ve kullan\u0131c\u0131 deneyiminizi geli\u015ftirebilmek i\u00e7in Cookie kullan\u0131yoruz. Cookie kullan\u0131lmas\u0131n\u0131 tercih etmezseniz taray\u0131c\u0131n\u0131z\u0131n ayarlar\u0131ndan Cookie\u2019leri silebilir ya da engelleyebilirsiniz. Taray\u0131c\u0131n\u0131zdan Cookie ayarlar\u0131n\u0131z\u0131 de\u011fi\u015ftirmedi\u011finiz s\u00fcrece bu sitede \u00e7erez kullan\u0131m\u0131n\u0131 kabul etti\u011finizi varsayaca\u011f\u0131z. Toplanan verilerle ilgili d\u00fczenlemelere internet sitemizde yer alan Gizlilik Politikas\u0131\u2019ndan ula\u015fabilirsiniz.<\/p>\n<p><strong>\u0130NTERNET S\u0130TES\u0130NDE KULLANILAN \u00c7EREZLER<\/strong><\/p>\n<p><strong>\u00c7erez Nedir ve Neden Kullan\u0131lmaktad\u0131r?<\/strong><\/p>\n<p>\u00c7erezler, ziyaret etti\u011finiz internet siteleri taraf\u0131ndan taray\u0131c\u0131lar arac\u0131l\u0131\u011f\u0131yla cihaz\u0131n\u0131za veya a\u011f sunucusuna depolanan k\u00fc\u00e7\u00fck metin dosyalar\u0131d\u0131r.<\/p>\n<p>\u0130nternet Sitemizde \u00e7erez kullan\u0131lmas\u0131n\u0131n ba\u015fl\u0131ca ama\u00e7lar\u0131 a\u015fa\u011f\u0131da s\u0131ralanmaktad\u0131r:<\/p>\n<ul>\n<li>\u0130nternet sitesinin i\u015flevselli\u011fini ve performans\u0131n\u0131 artt\u0131rmak yoluyla sizlere sunulan hizmetleri geli\u015ftirmek,<\/li>\n<li>\u0130nternet Sitesini iyile\u015ftirmek ve \u0130nternet Sitesi \u00fczerinden yeni \u00f6zellikler sunmak ve sunulan \u00f6zellikleri sizlerin tercihlerine g\u00f6re ki\u015fiselle\u015ftirmek;<\/li>\n<li>\u0130nternet Sitesinin, sizin ve \u015firketimizin hukuki ve ticari g\u00fcvenli\u011finin teminini sa\u011flamak.<\/li>\n<\/ul>\n<p><strong>\u0130nternet Sitemizde Kullan\u0131lan \u00c7erez T\u00fcrleri<\/strong><\/p>\n<table style=\"height: 680px;\" width=\"945\">\n<tbody>\n<tr>\n<td>Kal\u0131c\u0131 \u00c7erezler<br \/>\n<em>(Persistent Cookies)<\/em><\/td>\n<td>Kal\u0131c\u0131 \u00e7erezler \u0130nternet Sitesinin i\u015flevselli\u011fini art\u0131rmak, ziyaret\u00e7ilerimize daha h\u0131zl\u0131 ve iyi bir hizmet sunmak amac\u0131yla kullan\u0131lan \u00e7erez t\u00fcrleridir.<\/p>\n<p>Bu t\u00fcr \u00e7erezler tercihlerinizi hat\u0131rlamak i\u00e7in kullan\u0131l\u0131r ve taray\u0131c\u0131lar vas\u0131tas\u0131yla cihaz\u0131n\u0131zda depolan\u0131r.<\/p>\n<p>Kal\u0131c\u0131 \u00e7erezlerin baz\u0131 t\u00fcrleri; \u0130nternet Sitesini kullan\u0131m amac\u0131n\u0131z gibi hususlar g\u00f6z \u00f6n\u00fcnde bulundurarak sizlere \u00f6zel \u00f6neriler sunulmas\u0131 i\u00e7in kullan\u0131labilmektedir.<\/p>\n<p>Kal\u0131c\u0131 \u00e7erezler sayesinde \u0130nternet Sitemizi ayn\u0131 cihazla tekrardan ziyaret etmeniz durumunda, cihaz\u0131n\u0131zda \u0130nternet Sitemiz taraf\u0131ndan olu\u015fturulmu\u015f bir \u00e7erez olup olmad\u0131\u011f\u0131 kontrol edilir ve var ise, sizin siteyi daha \u00f6nce ziyaret etti\u011finiz anla\u015f\u0131l\u0131r ve size iletilecek i\u00e7erik bu do\u011frultuda belirlenir ve b\u00f6ylelikle sizlere daha iyi bir hizmet sunulur.<\/td>\n<\/tr>\n<\/tbody>\n<\/table>\n<p><strong>\u0130nternet Sitemizde Kullan\u0131lan \u00c7erezler<\/strong><\/p>\n<table style=\"height: 100px;\" width=\"952\">\n<tbody>\n<tr>\n<td>Analitik \u00c7erezler<br \/>\n<em>(Analytical Cookies)<\/em><\/td>\n<td>Analitik \u00e7erezler ile internet sitesini ziyaret edenlerin say\u0131lar\u0131, internet sitesinde g\u00f6r\u00fcnt\u00fclenen sayfalar\u0131n tespiti, internet sitesi ziyaret saatleri, internet sitesi sayfalar\u0131 kayd\u0131rma hareketleri gibi analitik sonu\u00e7lar\u0131n \u00fcretimini sa\u011flayan \u00e7erezlerdir.<\/td>\n<\/tr>\n<\/tbody>\n<\/table>\n[\/vc_column_text][\/vc_column][vc_column width=&#8221;1\/2&#8243;][vc_column_text]<div class=\"printfriendly pf-alignleft\"><a href=\"https:\/\/tempoteks.com\/tr\/cerez-politikasi\/?pfstyle=wp\" rel=\"nofollow\"  title=\"Printer Friendly, PDF & Email\"><img style=\"border:none;-webkit-box-shadow:none; -moz-box-shadow: none; box-shadow:none; padding:0; margin:0\" src=\"data:image\/gif;base64,R0lGODlhAQABAAAAACH5BAEKAAEALAAAAAABAAEAAAICTAEAOw==\" data-src=\"https:\/\/cdn.printfriendly.com\/buttons\/printfriendly-pdf-button.png\" alt=\"Print Friendly, PDF & Email\" class=\"lazyload\" \/><\/a><\/div>[\/vc_column_text][\/vc_column][\/vc_row]\n<\/div>","protected":false},"excerpt":{"rendered":"<p>[vc_row][vc_column width=&#8221;1\/2&#8243;][vc_column_text]\u00c7EREZ (\u201cCOOKIE\u201d) UYARISI \u0130nternet sitemizden en verimli \u015fekilde faydalanabilmeniz ve kullan\u0131c\u0131 deneyiminizi geli\u015ftirebilmek i\u00e7in Cookie kullan\u0131yoruz. Cookie kullan\u0131lmas\u0131n\u0131 tercih etmezseniz taray\u0131c\u0131n\u0131z\u0131n ayarlar\u0131ndan Cookie\u2019leri silebilir ya da engelleyebilirsiniz. Taray\u0131c\u0131n\u0131zdan Cookie ayarlar\u0131n\u0131z\u0131 de\u011fi\u015ftirmedi\u011finiz s\u00fcrece bu sitede \u00e7erez kullan\u0131m\u0131n\u0131 kabul etti\u011finizi varsayaca\u011f\u0131z. Toplanan verilerle ilgili d\u00fczenlemelere internet sitemizde yer alan Gizlilik Politikas\u0131\u2019ndan ula\u015fabilirsiniz. \u0130NTERNET S\u0130TES\u0130NDE KULLANILAN \u00c7EREZLER&hellip;<\/p>\n","protected":false},"author":1,"featured_media":0,"parent":0,"menu_order":0,"comment_status":"closed","ping_status":"closed","template":"page-default.php","meta":[],"yoast_head":"<!-- This site is optimized with the Yoast SEO plugin v15.5 - https:\/\/yoast.com\/wordpress\/plugins\/seo\/ -->\n<title>\u00c7erez Politikas\u0131 - Tempo Socks<\/title>\n<meta name=\"robots\" content=\"index, follow, max-snippet:-1, max-image-preview:large, max-video-preview:-1\" \/>\n<link rel=\"canonical\" href=\"https:\/\/tempoteks.com\/tr\/cerez-politikasi\/\" \/>\n<meta property=\"og:locale\" content=\"tr_TR\" \/>\n<meta property=\"og:type\" content=\"article\" \/>\n<meta property=\"og:title\" content=\"\u00c7erez Politikas\u0131 - Tempo Socks\" \/>\n<meta property=\"og:description\" content=\"[vc_row][vc_column width=&#8221;1\/2&#8243;][vc_column_text]\u00c7EREZ (\u201cCOOKIE\u201d) UYARISI \u0130nternet sitemizden en verimli \u015fekilde faydalanabilmeniz ve kullan\u0131c\u0131 deneyiminizi geli\u015ftirebilmek i\u00e7in Cookie kullan\u0131yoruz. Cookie kullan\u0131lmas\u0131n\u0131 tercih etmezseniz taray\u0131c\u0131n\u0131z\u0131n ayarlar\u0131ndan Cookie\u2019leri silebilir ya da engelleyebilirsiniz. Taray\u0131c\u0131n\u0131zdan Cookie ayarlar\u0131n\u0131z\u0131 de\u011fi\u015ftirmedi\u011finiz s\u00fcrece bu sitede \u00e7erez kullan\u0131m\u0131n\u0131 kabul etti\u011finizi varsayaca\u011f\u0131z. Toplanan verilerle ilgili d\u00fczenlemelere internet sitemizde yer alan Gizlilik Politikas\u0131\u2019ndan ula\u015fabilirsiniz. \u0130NTERNET S\u0130TES\u0130NDE KULLANILAN \u00c7EREZLER&hellip;\" \/>\n<meta property=\"og:url\" content=\"https:\/\/tempoteks.com\/tr\/cerez-politikasi\/\" \/>\n<meta property=\"og:site_name\" content=\"Tempo Socks\" \/>\n<meta property=\"article:modified_time\" content=\"2020-12-24T19:14:44+00:00\" \/>\n<meta name=\"twitter:card\" content=\"summary_large_image\" \/>\n<meta name=\"twitter:label1\" content=\"Tahmini okuma s\u00fcresi\">\n\t<meta name=\"twitter:data1\" content=\"2 dakika\">\n<script type=\"application\/ld+json\" class=\"yoast-schema-graph\">{\"@context\":\"https:\/\/schema.org\",\"@graph\":[{\"@type\":\"WebSite\",\"@id\":\"https:\/\/tempoteks.com\/#website\",\"url\":\"https:\/\/tempoteks.com\/\",\"name\":\"Tempo Socks\",\"description\":\"\",\"potentialAction\":[{\"@type\":\"SearchAction\",\"target\":\"https:\/\/tempoteks.com\/?s={search_term_string}\",\"query-input\":\"required name=search_term_string\"}],\"inLanguage\":\"tr\"},{\"@type\":\"WebPage\",\"@id\":\"https:\/\/tempoteks.com\/tr\/cerez-politikasi\/#webpage\",\"url\":\"https:\/\/tempoteks.com\/tr\/cerez-politikasi\/\",\"name\":\"\\u00c7erez Politikas\\u0131 - Tempo Socks\",\"isPartOf\":{\"@id\":\"https:\/\/tempoteks.com\/#website\"},\"datePublished\":\"2020-12-21T15:37:56+00:00\",\"dateModified\":\"2020-12-24T19:14:44+00:00\",\"inLanguage\":\"tr\",\"potentialAction\":[{\"@type\":\"ReadAction\",\"target\":[\"https:\/\/tempoteks.com\/tr\/cerez-politikasi\/\"]}]}]}<\/script>\n<!-- \/ Yoast SEO plugin. -->","_links":{"self":[{"href":"https:\/\/tempoteks.com\/tr\/wp-json\/wp\/v2\/pages\/646"}],"collection":[{"href":"https:\/\/tempoteks.com\/tr\/wp-json\/wp\/v2\/pages"}],"about":[{"href":"https:\/\/tempoteks.com\/tr\/wp-json\/wp\/v2\/types\/page"}],"author":[{"embeddable":true,"href":"https:\/\/tempoteks.com\/tr\/wp-json\/wp\/v2\/users\/1"}],"replies":[{"embeddable":true,"href":"https:\/\/tempoteks.com\/tr\/wp-json\/wp\/v2\/comments?post=646"}],"version-history":[{"count":0,"href":"https:\/\/tempoteks.com\/tr\/wp-json\/wp\/v2\/pages\/646\/revisions"}],"wp:attachment":[{"href":"https:\/\/tempoteks.com\/tr\/wp-json\/wp\/v2\/media?parent=646"}],"curies":[{"name":"wp","href":"https:\/\/api.w.org\/{rel}","templated":true}]}}