{"id":564,"date":"2020-12-18T13:59:38","date_gmt":"2020-12-18T13:59:38","guid":{"rendered":"https:\/\/tempoteks.com\/?page_id=564"},"modified":"2020-12-23T12:17:08","modified_gmt":"2020-12-23T12:17:08","slug":"hakkimizda","status":"publish","type":"page","link":"https:\/\/tempoteks.com\/tr\/hakkimizda\/","title":{"rendered":"Hakk\u0131m\u0131zda"},"content":{"rendered":"<div class=\"pf-content\">[vc_row][vc_column][vc_column_text]<strong>V\u0130ZYON <\/strong><\/p>\n<p>Giri\u015fimci, de\u011fi\u015fime a\u00e7\u0131k, tutkulu i\u015f ortaklar\u0131 ile, pazar yaratan, b\u00fcy\u00fcyen, \u00fcr\u00fcn ve hizmetleri ile tan\u0131nan bir kurulu\u015f olmak.<\/p>\n<p><strong>M\u0130SYON <\/strong><\/p>\n<p>M\u00fc\u015fterilerimizin sa\u011fl\u0131\u011f\u0131n\u0131 koruyan, estetik ve sanatsal de\u011feri ile ya\u015fama sevinci veren, beklenti ve gereksinimleri a\u015fan \u00fcr\u00fcnleri \u00fcretmektir. \u00c7al\u0131\u015fanlar\u0131m\u0131z\u0131n, m\u00fc\u015fterilerimizin ve ortaklar\u0131m\u0131z\u0131n memnuniyetini \u00f6n planda tutarak, bilgi ve yarat\u0131c\u0131l\u0131k temelinde, sekt\u00f6rdeki f\u0131rsat ve tehditleri dikkate alarak, istihdam yaratan, yat\u0131r\u0131m\u0131m\u0131z\u0131n de\u011ferini art\u0131ran, \u00fclkemize d\u00f6viz kazand\u0131ran, t\u00fcm kaynaklar\u0131 en verimli bi\u00e7imde kullanan bir kurulu\u015f olaca\u011f\u0131z.<\/p>\n<p><strong>KURUMSAL SOSYAL SORUMLULUK<\/strong><\/p>\n<p>\u015eirketimizin uygulad\u0131\u011f\u0131, uydu\u011fu t\u00fcm \u00e7al\u0131\u015fanlar\u0131n\u0131n uymas\u0131n\u0131 denetledi\u011fi etik kurallar Tempo 19 y\u0131l\u0131 a\u015fan \u00e7al\u0131\u015fma s\u00fcresinde olu\u015fmu\u015f bulunmaktad\u0131r. Bu etik kurallar \u015eirketin \u00e7al\u0131\u015fma ilkeleri, \u00fclkemizin yasalar\u0131, uluslararas\u0131 team\u00fcller ve genel d\u00fcr\u00fcstl\u00fck do\u011fruluk prensipleriyle b\u00fct\u00fcnl\u00fck i\u00e7indedir. Bu genel perspektifin d\u0131\u015f\u0131nda: T\u00fcm faaliyetlerinde \u00f6ncelikle \u00fclke \u00e7\u0131karlar\u0131n\u0131 g\u00f6zetmek, do\u011fay\u0131 ve \u00e7evreyi korumak, kaliteyi daima \u00f6n planda tutmak, bir kurum olarak ekip \u00e7al\u0131\u015fmas\u0131n\u0131 \u00f6nde tutmak, b\u00fct\u00fcn \u015eirket mensuplar\u0131 bu kurallara uymakla y\u00fck\u00fcml\u00fcd\u00fcr. Etik kurallar \u00e7al\u0131\u015fanlar\u0131n amirleri taraf\u0131ndan hiyerar\u015fik yap\u0131da takip edilir. \u00c7evre politikam\u0131zda da belirtti\u011fimiz \u00fczere \u00e7evrenin korunmas\u0131n\u0131 ilke edinen firmam\u0131z; bu ama\u00e7la \u00dcr\u00fcnlerimizin \u00e7evreye zarar vermeyecek \u015fekilde tasarlanmas\u0131 ve \u00fcretilmesi, T\u00fcm kaynaklar\u0131m\u0131z\u0131 en verimli bi\u00e7imde kullanarak hurda ve at\u0131klar\u0131m\u0131z\u0131n, yeniden de\u011ferlendirme yollar\u0131n\u0131n ara\u015ft\u0131r\u0131lmas\u0131 ve kirlenmenin \u00f6nlenmesi, \u00c7evre ve belirlenen \u00e7evre boyutlar\u0131 ile ba\u011flant\u0131l\u0131 t\u00fcm mevzuat , idari d\u00fczenlemelere ve di\u011fer \u015fartlara uyarak \u00e7evre \u00e7al\u0131\u015fmalar\u0131n\u0131n s\u00fcrekli iyile\u015ftirilmesi ve bu \u00e7al\u0131\u015fmalar\u0131n ilgili kurum ve kurulu\u015flar\u0131n incelemesine a\u00e7\u0131k tutulmas\u0131, \u00c7evre ama\u00e7 ve hedeflerinin belirlenerek, bunlar\u0131n uygulanmas\u0131, periyodik olarak g\u00f6zden ge\u00e7irilmesi, ve s\u00fcreklili\u011finin sa\u011flanmas\u0131, \u00c7al\u0131\u015fanlar\u0131m\u0131z ba\u015fta olmak \u00fczere t\u00fcm payda\u015flar\u0131m\u0131z\u0131n \u00e7evre konusunda e\u011fitilerek bilin\u00e7lendirilmesi ve politikam\u0131z\u0131n duyurulmas\u0131, TEMPO DI\u015e T\u0130C VE TEKST\u0130L SAN LTD \u015eT\u0130 K\u00fcresel kaynaklar\u0131n korunmas\u0131 ve etkin kullan\u0131m\u0131n\u0131n sa\u011flanmas\u0131 Konular\u0131nda t\u00fcm payda\u015flar\u0131yla beraber \u00e7al\u0131\u015fmalar\u0131n\u0131 y\u00fcr\u00fctmektedir. Enerji tasarrufu sa\u011flamak amac\u0131yla fabrikam\u0131z genelinde \u00e7al\u0131\u015fanlar\u0131m\u0131za bilin\u00e7lendirme \u00e7al\u0131\u015fmalar\u0131 yap\u0131lmakta, daha az enerji t\u00fcketen motor, makineler, yedek par\u00e7a ve aksesuarlar\u0131 tercih edilmektedir. Fabrika i\u00e7erisinde olu\u015fan at\u0131klar\u0131n yasal y\u00f6netmelikler \u00e7er\u00e7evesinde lisansl\u0131 kurulu\u015flar ile bertaraf\u0131\/geri kazan\u0131m\u0131 sa\u011flanmaktad\u0131r.[\/vc_column_text][\/vc_column][\/vc_row]\n<\/div>","protected":false},"excerpt":{"rendered":"<p>[vc_row][vc_column][vc_column_text]V\u0130ZYON Giri\u015fimci, de\u011fi\u015fime a\u00e7\u0131k, tutkulu i\u015f ortaklar\u0131 ile, pazar yaratan, b\u00fcy\u00fcyen, \u00fcr\u00fcn ve hizmetleri ile tan\u0131nan bir kurulu\u015f olmak. M\u0130SYON M\u00fc\u015fterilerimizin sa\u011fl\u0131\u011f\u0131n\u0131 koruyan, estetik ve sanatsal de\u011feri ile ya\u015fama sevinci veren, beklenti ve gereksinimleri a\u015fan \u00fcr\u00fcnleri \u00fcretmektir. \u00c7al\u0131\u015fanlar\u0131m\u0131z\u0131n, m\u00fc\u015fterilerimizin ve ortaklar\u0131m\u0131z\u0131n memnuniyetini \u00f6n planda tutarak, bilgi ve yarat\u0131c\u0131l\u0131k temelinde, sekt\u00f6rdeki f\u0131rsat ve tehditleri dikkate alarak,&hellip;<\/p>\n","protected":false},"author":1,"featured_media":0,"parent":0,"menu_order":0,"comment_status":"closed","ping_status":"closed","template":"","meta":[],"yoast_head":"<!-- This site is optimized with the Yoast SEO plugin v15.5 - https:\/\/yoast.com\/wordpress\/plugins\/seo\/ -->\n<title>Hakk\u0131m\u0131zda - Tempo Socks<\/title>\n<meta name=\"robots\" content=\"index, follow, max-snippet:-1, max-image-preview:large, max-video-preview:-1\" \/>\n<link rel=\"canonical\" href=\"https:\/\/tempoteks.com\/tr\/hakkimizda\/\" \/>\n<meta property=\"og:locale\" content=\"tr_TR\" \/>\n<meta property=\"og:type\" content=\"article\" \/>\n<meta property=\"og:title\" content=\"Hakk\u0131m\u0131zda - Tempo Socks\" \/>\n<meta property=\"og:description\" content=\"[vc_row][vc_column][vc_column_text]V\u0130ZYON Giri\u015fimci, de\u011fi\u015fime a\u00e7\u0131k, tutkulu i\u015f ortaklar\u0131 ile, pazar yaratan, b\u00fcy\u00fcyen, \u00fcr\u00fcn ve hizmetleri ile tan\u0131nan bir kurulu\u015f olmak. M\u0130SYON M\u00fc\u015fterilerimizin sa\u011fl\u0131\u011f\u0131n\u0131 koruyan, estetik ve sanatsal de\u011feri ile ya\u015fama sevinci veren, beklenti ve gereksinimleri a\u015fan \u00fcr\u00fcnleri \u00fcretmektir. \u00c7al\u0131\u015fanlar\u0131m\u0131z\u0131n, m\u00fc\u015fterilerimizin ve ortaklar\u0131m\u0131z\u0131n memnuniyetini \u00f6n planda tutarak, bilgi ve yarat\u0131c\u0131l\u0131k temelinde, sekt\u00f6rdeki f\u0131rsat ve tehditleri dikkate alarak,&hellip;\" \/>\n<meta property=\"og:url\" content=\"https:\/\/tempoteks.com\/tr\/hakkimizda\/\" \/>\n<meta property=\"og:site_name\" content=\"Tempo Socks\" \/>\n<meta property=\"article:modified_time\" content=\"2020-12-23T12:17:08+00:00\" \/>\n<meta name=\"twitter:card\" content=\"summary_large_image\" \/>\n<meta name=\"twitter:label1\" content=\"Tahmini okuma s\u00fcresi\">\n\t<meta name=\"twitter:data1\" content=\"2 dakika\">\n<script type=\"application\/ld+json\" class=\"yoast-schema-graph\">{\"@context\":\"https:\/\/schema.org\",\"@graph\":[{\"@type\":\"WebSite\",\"@id\":\"https:\/\/tempoteks.com\/#website\",\"url\":\"https:\/\/tempoteks.com\/\",\"name\":\"Tempo Socks\",\"description\":\"\",\"potentialAction\":[{\"@type\":\"SearchAction\",\"target\":\"https:\/\/tempoteks.com\/?s={search_term_string}\",\"query-input\":\"required name=search_term_string\"}],\"inLanguage\":\"tr\"},{\"@type\":\"WebPage\",\"@id\":\"https:\/\/tempoteks.com\/tr\/hakkimizda\/#webpage\",\"url\":\"https:\/\/tempoteks.com\/tr\/hakkimizda\/\",\"name\":\"Hakk\\u0131m\\u0131zda - Tempo Socks\",\"isPartOf\":{\"@id\":\"https:\/\/tempoteks.com\/#website\"},\"datePublished\":\"2020-12-18T13:59:38+00:00\",\"dateModified\":\"2020-12-23T12:17:08+00:00\",\"inLanguage\":\"tr\",\"potentialAction\":[{\"@type\":\"ReadAction\",\"target\":[\"https:\/\/tempoteks.com\/tr\/hakkimizda\/\"]}]}]}<\/script>\n<!-- \/ Yoast SEO plugin. -->","_links":{"self":[{"href":"https:\/\/tempoteks.com\/tr\/wp-json\/wp\/v2\/pages\/564"}],"collection":[{"href":"https:\/\/tempoteks.com\/tr\/wp-json\/wp\/v2\/pages"}],"about":[{"href":"https:\/\/tempoteks.com\/tr\/wp-json\/wp\/v2\/types\/page"}],"author":[{"embeddable":true,"href":"https:\/\/tempoteks.com\/tr\/wp-json\/wp\/v2\/users\/1"}],"replies":[{"embeddable":true,"href":"https:\/\/tempoteks.com\/tr\/wp-json\/wp\/v2\/comments?post=564"}],"version-history":[{"count":0,"href":"https:\/\/tempoteks.com\/tr\/wp-json\/wp\/v2\/pages\/564\/revisions"}],"wp:attachment":[{"href":"https:\/\/tempoteks.com\/tr\/wp-json\/wp\/v2\/media?parent=564"}],"curies":[{"name":"wp","href":"https:\/\/api.w.org\/{rel}","templated":true}]}}